{"id":7422,"date":"2026-01-01T08:58:45","date_gmt":"2026-01-01T08:58:45","guid":{"rendered":"https:\/\/devbynumanwebs.com\/omaway\/?page_id=7422"},"modified":"2026-01-01T08:58:45","modified_gmt":"2026-01-01T08:58:45","slug":"privacy-policy","status":"publish","type":"page","link":"https:\/\/om-away.com\/de\/privacy-policy\/","title":{"rendered":"Datenschutzrichtlinie"},"content":{"rendered":"<div class=\"wp-block-uagb-container uagb-block-44376fe7 alignfull uagb-is-root-container\"><div class=\"uagb-container-inner-blocks-wrap\">\n<div class=\"wp-block-uagb-container uagb-block-8870b2f7\">\n<h1 class=\"wp-block-gutenverse-heading guten-element guten-9pWWFw\">Datenschutzrichtlinie<\/h1>\n\n\n\n<p><em>Zuletzt aktualisiert: 26. Oktober 2025<\/em><\/p>\n\n\n\n<p><em>OM AWAY LTD (\u201cwir\u201d, \u201cunser\u201d, \u201cuns\u201d) verpflichtet sich zum Schutz und zur Achtung Ihrer Privatsph\u00e4re. Diese Datenschutzerkl\u00e4rung erkl\u00e4rt, wie wir Ihre pers\u00f6nlichen Daten erfassen, verwenden und sch\u00fctzen, wenn Sie uns besuchen <strong>om-away.com<\/strong> (der \u201cWebsite\u201d).<\/em><\/p>\n<\/div>\n\n\n\n<div class=\"guten-element gutenverse-text-editor guten-p2MhDb\"><div class=\"text-content-inner\"><\/div><\/div>\n\n\n\n<div class=\"wp-block-uagb-container uagb-block-67161dad\">\n<h1 class=\"wp-block-gutenverse-heading guten-element guten-9pWWFw\">1. Wer wir sind<\/h1>\n\n\n\n<div class=\"guten-element gutenverse-text-editor guten-zExyXT\"><div class=\"text-content-inner\">\n<p><strong>Firmenname<\/strong>&nbsp;OM AWAY GMBH<br><strong>Firmennummer:<\/strong>&nbsp;16807611<br><strong>Eingetragene Adresse:<\/strong>&nbsp;71-75 Shelton Street, Covent Garden, London, WC2H 9JQ, Vereinigtes K\u00f6nigreich<br><strong>Webseite<\/strong>&nbsp;<a href=\"https:\/\/om-away.com\/de\/\">https:\/\/om-away.com\/<\/a><br><strong>E-Mail:<\/strong>&nbsp;<strong><a>contact@om-away.com<\/a><\/strong><\/p>\n\n\n\n<p>OM AWAY LTD ist der f\u00fcr die Verarbeitung Verantwortliche gem\u00e4\u00df der britischen Datenschutz-Grundverordnung (UK-GDPR) und anderen geltenden Datenschutzgesetzen.<\/p>\n<\/div><\/div>\n<\/div>\n\n\n\n<div class=\"wp-block-uagb-container uagb-block-67161dad\">\n<h1 class=\"wp-block-gutenverse-heading guten-element guten-9pWWFw\"><strong>2. Informationen, die wir sammeln<\/strong><\/h1>\n\n\n\n<ul class=\"wp-block-list\">\n<li><strong>Pers\u00f6nliche Informationen<\/strong>\u00a0Sie geben (z. B. Name, E-Mail) an, wenn Sie sich anmelden, uns kontaktieren oder Formulare absenden.<\/li>\n\n\n\n<li style=\"padding-top:10px;padding-bottom:10px\"><strong>Technische Informationen<\/strong>\u00a0(IP-Adresse, Browser, Ger\u00e4t, Betriebssystem) und\u00a0<strong>Nutzungsdaten<\/strong>\u00a0gesammelt \u00fcber Cookies und Analysen.<\/li>\n\n\n\n<li style=\"padding-bottom:10px\"><strong>Transaktions-\/Affiliate-Daten<\/strong>\u00a0wenn Sie zu Drittanbietern weitergeleitet werden, um eine Anfrage zu stellen oder eine Buchung vorzunehmen.<\/li>\n\n\n\n<li><strong>Kommunikationsdaten<\/strong>\u00a0von E-Mails oder Formularen.<\/li>\n<\/ul>\n<\/div>\n\n\n\n<div class=\"wp-block-uagb-container uagb-block-67161dad\">\n<h1 class=\"wp-block-gutenverse-heading guten-element guten-9pWWFw\"><strong><strong>3. Wie wir Ihre Informationen verwenden<\/strong><\/strong><\/h1>\n\n\n\n<div class=\"guten-element gutenverse-text-editor guten-zExyXT\"><div class=\"text-content-inner\">\n<p>Wir verwenden Ihre Informationen, um:<\/p>\n<\/div><\/div>\n\n\n\n<ul class=\"wp-block-list\">\n<li>Betreiben, warten und verbessern Sie die Website und unsere Dienste;<\/li>\n\n\n\n<li style=\"padding-top:10px;padding-bottom:10px\">Anfragen beantworten und angeforderte Informationen bereitstellen;<\/li>\n\n\n\n<li style=\"padding-bottom:10px\">Newsletter oder Marketingmitteilungen versenden (nur wenn Sie sich daf\u00fcr entscheiden);<\/li>\n\n\n\n<li style=\"padding-bottom:10px\">Nutzung der Website analysieren und Benutzererfahrung verbessern;<\/li>\n\n\n\n<li>Rechtliche Verpflichtungen erf\u00fcllen.<\/li>\n<\/ul>\n<\/div>\n\n\n\n<div class=\"wp-block-uagb-container uagb-block-67161dad\">\n<h1 class=\"wp-block-gutenverse-heading guten-element guten-9pWWFw\"><strong><strong><strong>4. Rechtsgrundlage f\u00fcr die Verarbeitung<\/strong><\/strong><\/strong><\/h1>\n\n\n\n<div class=\"guten-element gutenverse-text-editor guten-zExyXT\"><div class=\"text-content-inner\">\n<p>Wir verarbeiten Daten auf der Grundlage einer oder mehrerer der folgenden Rechtsgrundlagen:&nbsp;<strong>Zustimmung<\/strong>,&nbsp;<strong>vertragliche Notwendigkeit<\/strong>,&nbsp;<strong>berechtigte Interessen<\/strong>&nbsp;(z. B. Analysen, Website-Sicherheit, Marketing f\u00fcr bestehende Nutzer) und&nbsp;<strong>rechtliche Verpflichtungen<\/strong>.<\/p>\n<\/div><\/div>\n<\/div>\n\n\n\n<div class=\"wp-block-uagb-container uagb-block-67161dad\">\n<h1 class=\"wp-block-gutenverse-heading guten-element guten-9pWWFw\"><strong><strong><strong><strong>5. Cookies und Tracking-Technologien<\/strong><\/strong><\/strong><\/strong><\/h1>\n\n\n\n<div class=\"guten-element gutenverse-text-editor guten-zExyXT\"><div class=\"text-content-inner\">\n<p>Wir verwenden Cookies und \u00e4hnliche Technologien, um die Funktionalit\u00e4t zu erm\u00f6glichen, die Leistung zu messen und das Besucherverhalten zu verstehen. Sie k\u00f6nnen Cookies \u00fcber Ihre Browsereinstellungen steuern. Weitere Einzelheiten finden Sie in unserer&nbsp;<strong>Cookie-Richtlinie<\/strong>&nbsp;(Link zu unserer Cookie-Seite).<\/p>\n<\/div><\/div>\n<\/div>\n\n\n\n<div class=\"wp-block-uagb-container uagb-block-67161dad\">\n<h1 class=\"wp-block-gutenverse-heading guten-element guten-9pWWFw\"><strong><strong><strong><strong><strong>6. Weitergabe Ihrer Informationen<\/strong><\/strong><\/strong><\/strong><\/strong><\/h1>\n\n\n\n<div class=\"guten-element gutenverse-text-editor guten-zExyXT\"><div class=\"text-content-inner\">\n<p>Wir k\u00f6nnen Daten mit vertrauensw\u00fcrdigen Dienstleistern teilen, ausschlie\u00dflich soweit dies erforderlich ist, einschlie\u00dflich:<\/p>\n<\/div><\/div>\n\n\n\n<ul class=\"wp-block-list\">\n<li>Hosting-, Analyse- und E-Mail-Dienstleistungsplattformen;<\/li>\n\n\n\n<li style=\"padding-top:10px;padding-bottom:10px\">Partner f\u00fcr Affiliate\/Buchungen, wenn Sie einem Link folgen oder eine Anfrage stellen;<\/li>\n\n\n\n<li>Beh\u00f6rden, wo gesetzlich vorgeschrieben.<br>Wir\u00a0<strong>nicht verkaufen<\/strong>\u00a0Ihre pers\u00f6nlichen Daten.<\/li>\n<\/ul>\n<\/div>\n\n\n\n<div class=\"wp-block-uagb-container uagb-block-67161dad\">\n<h1 class=\"wp-block-gutenverse-heading guten-element guten-9pWWFw\"><strong><strong><strong><strong><strong><strong>7. Internationale \u00dcberweisungen<\/strong><\/strong><\/strong><\/strong><\/strong><\/strong><\/h1>\n\n\n\n<div class=\"guten-element gutenverse-text-editor guten-zExyXT\"><div class=\"text-content-inner\">\n<p>Ihre Daten k\u00f6nnen au\u00dferhalb des Vereinigten K\u00f6nigreichs\/EWR \u00fcbertragen und verarbeitet werden. Wenn dies geschieht, stellen wir geeignete Schutzma\u00dfnahmen sicher (z. B. Standardvertragsklauseln).<\/p>\n<\/div><\/div>\n<\/div>\n\n\n\n<div class=\"wp-block-uagb-container uagb-block-67161dad\">\n<h1 class=\"wp-block-gutenverse-heading guten-element guten-9pWWFw\"><strong><strong><strong><strong><strong><strong><strong>8. Datenspeicherung<\/strong><\/strong><\/strong><\/strong><\/strong><\/strong><\/strong><\/h1>\n\n\n\n<div class=\"guten-element gutenverse-text-editor guten-zExyXT\"><div class=\"text-content-inner\">\n<p>Wir speichern personenbezogene Daten nur so lange, wie es f\u00fcr die oben genannten Zwecke erforderlich ist oder wie es gesetzlich vorgeschrieben ist.<\/p>\n<\/div><\/div>\n<\/div>\n\n\n\n<div class=\"wp-block-uagb-container uagb-block-67161dad\">\n<h1 class=\"wp-block-gutenverse-heading guten-element guten-9pWWFw\"><strong><strong><strong><strong><strong><strong><strong><strong>9. Ihre Rechte<\/strong><\/strong><\/strong><\/strong><\/strong><\/strong><\/strong><\/strong><\/h1>\n\n\n\n<div class=\"guten-element gutenverse-text-editor guten-zExyXT\"><div class=\"text-content-inner\">\n<p>Vorbehaltlich geltenden Rechts d\u00fcrfen Sie:<\/p>\n<\/div><\/div>\n\n\n\n<ul class=\"wp-block-list\">\n<li>Zugriff auf Ihre Daten anfordern;<\/li>\n\n\n\n<li style=\"padding-top:10px;padding-bottom:10px\">Antrag auf Korrektur oder L\u00f6schung;<\/li>\n\n\n\n<li style=\"padding-bottom:10px\">Einwilligung widerrufen (wenn die Verarbeitung auf Einwilligung beruht);<\/li>\n\n\n\n<li style=\"padding-bottom:10px\">Verarbeitung einschr\u00e4nken oder ihr widersprechen;<\/li>\n\n\n\n<li>Beschwerde beim britischen Information Commissioner\u2019s Office (ICO) einreichen.<\/li>\n<\/ul>\n\n\n\n<div class=\"guten-element gutenverse-text-editor guten-aUeY5I\"><div class=\"text-content-inner\">\n<p>Zur Aus\u00fcbung Ihrer Rechte wenden Sie sich an\u00a0<strong><a>contact@om-away.com<\/a><\/strong>.<\/p>\n<\/div><\/div>\n<\/div>\n\n\n\n<div class=\"wp-block-uagb-container uagb-block-67161dad\">\n<h1 class=\"wp-block-gutenverse-heading guten-element guten-9pWWFw\"><strong><strong><strong><strong><strong><strong><strong><strong><strong>10. Sicherheit<\/strong><\/strong><\/strong><\/strong><\/strong><\/strong><\/strong><\/strong><\/strong><\/h1>\n\n\n\n<div class=\"guten-element gutenverse-text-editor guten-zExyXT\"><div class=\"text-content-inner\">\n<p>Wir implementieren geeignete technische und organisatorische Ma\u00dfnahmen, um personenbezogene Daten vor unbefugtem Zugriff, Ver\u00e4nderung, Offenlegung oder Verlust zu sch\u00fctzen.<\/p>\n<\/div><\/div>\n<\/div>\n\n\n\n<div class=\"wp-block-uagb-container uagb-block-67161dad\">\n<h1 class=\"wp-block-gutenverse-heading guten-element guten-9pWWFw\"><strong><strong><strong><strong><strong><strong><strong><strong><strong><strong>11. Links von Drittanbietern<\/strong><\/strong><\/strong><\/strong><\/strong><\/strong><\/strong><\/strong><\/strong><\/strong><\/h1>\n\n\n\n<div class=\"guten-element gutenverse-text-editor guten-zExyXT\"><div class=\"text-content-inner\">\n<p>Unsere Website kann Links zu externen Websites enthalten (einschlie\u00dflich Affiliate-Links). Wir sind nicht verantwortlich f\u00fcr deren Inhalte oder Datenschutzpraktiken. Bitte \u00fcberpr\u00fcfen Sie deren Richtlinien.<\/p>\n<\/div><\/div>\n<\/div>\n\n\n\n<div class=\"wp-block-uagb-container uagb-block-67161dad\">\n<h1 class=\"wp-block-gutenverse-heading guten-element guten-9pWWFw\"><strong><strong><strong><strong><strong><strong><strong><strong><strong><strong><strong>12. \u00c4nderungen an dieser Richtlinie<\/strong><\/strong><\/strong><\/strong><\/strong><\/strong><\/strong><\/strong><\/strong><\/strong><\/strong><\/h1>\n\n\n\n<div class=\"guten-element gutenverse-text-editor guten-zExyXT\"><div class=\"text-content-inner\">\n<p>Wir k\u00f6nnen diese Datenschutzrichtlinie von Zeit zu Zeit aktualisieren. Aktualisierungen werden auf dieser Seite mit einem ge\u00e4nderten Datum der \u201cLetzten Aktualisierung\u201d ver\u00f6ffentlicht.<\/p>\n<\/div><\/div>\n<\/div>\n\n\n\n<div class=\"wp-block-uagb-container uagb-block-67161dad\">\n<h1 class=\"wp-block-gutenverse-heading guten-element guten-9pWWFw\"><strong><strong><strong><strong><strong><strong><strong><strong><strong><strong><strong><strong>Kontakt<\/strong><\/strong><\/strong><\/strong><\/strong><\/strong><\/strong><\/strong><\/strong><\/strong><\/strong><\/strong><\/h1>\n\n\n\n<div class=\"guten-element gutenverse-text-editor guten-zExyXT\"><div class=\"text-content-inner\">\n<p><strong>OM AWAY GMBH<\/strong><br>71-75 Shelton Street, Covent Garden, London, WC2H 9JQ, Vereinigtes K\u00f6nigreich<\/p>\n<\/div><\/div>\n\n\n\n<div class=\"wp-block-kadence-iconlist kt-svg-icon-list-items kt-svg-icon-list-items7422_73a32a-92 kt-svg-icon-list-columns-1 alignnone\"><ul class=\"kt-svg-icon-list\">\n<li class=\"wp-block-kadence-listitem kt-svg-icon-list-item-wrap kt-svg-icon-list-item-7422_fa7eec-f7\"><a href=\"mailto:contact@om-away.com\" class=\"kt-svg-icon-link\"><span data-name=\"fas_envelope\" data-stroke=\"USE_PARENT_DEFAULT_WIDTH\" data-class=\"kt-svg-icon-list-single\" class=\"kadence-dynamic-icon\"><\/span><span class=\"kt-svg-icon-list-text\"><strong><a>contact@om-away.com<\/a><\/strong><\/span><\/a><\/li>\n<\/ul><\/div>\n<\/div>\n<\/div><\/div>","protected":false},"excerpt":{"rendered":"","protected":false},"author":1,"featured_media":0,"parent":0,"menu_order":0,"comment_status":"closed","ping_status":"closed","template":"page-no-title","meta":{"_acf_changed":false,"footnotes":""},"class_list":["post-7422","page","type-page","status-publish","hentry"],"acf":[],"_hostinger_reach_plugin_has_subscription_block":false,"_hostinger_reach_plugin_is_elementor":false,"_links":{"self":[{"href":"https:\/\/om-away.com\/de\/wp-json\/wp\/v2\/pages\/7422","targetHints":{"allow":["GET"]}}],"collection":[{"href":"https:\/\/om-away.com\/de\/wp-json\/wp\/v2\/pages"}],"about":[{"href":"https:\/\/om-away.com\/de\/wp-json\/wp\/v2\/types\/page"}],"author":[{"embeddable":true,"href":"https:\/\/om-away.com\/de\/wp-json\/wp\/v2\/users\/1"}],"replies":[{"embeddable":true,"href":"https:\/\/om-away.com\/de\/wp-json\/wp\/v2\/comments?post=7422"}],"version-history":[{"count":0,"href":"https:\/\/om-away.com\/de\/wp-json\/wp\/v2\/pages\/7422\/revisions"}],"wp:attachment":[{"href":"https:\/\/om-away.com\/de\/wp-json\/wp\/v2\/media?parent=7422"}],"curies":[{"name":"wp","href":"https:\/\/api.w.org\/{rel}","templated":true}]}}